{"id":7,"date":"2025-12-16T01:46:18","date_gmt":"2025-12-16T01:46:18","guid":{"rendered":"https:\/\/espacephoenix.com\/?page_id=7"},"modified":"2025-12-17T01:58:42","modified_gmt":"2025-12-17T01:58:42","slug":"lespace-phoenix","status":"publish","type":"page","link":"https:\/\/espacephoenix.com\/","title":{"rendered":"Un retour vers soi"},"content":{"rendered":"\n<p>Tu ressens un vide? Une boule au ventre? Une impression d&rsquo;\u00eatre \u00e0 c\u00f4t\u00e9 de ta vie?<\/p>\n\n\n\n<p>Tu es \u00e0 la bonne place. J&rsquo;aide les femmes \u00e9puis\u00e9es, sensibles et en perte de sens \u00e0 transformer leur questionnements en r\u00e9ponses claires, en solidit\u00e9 et retour vers soi. <\/p>\n\n\n\n<p>Ton corps te fait signe, laisse-le te parler.<\/p>\n\n\n\n<p>Je vais te guider \u00e0 te reconnecter \u00e0 lui.<\/p>\n\n\n\n<p>\u00c0 te comprendre.<\/p>\n\n\n\n<p>\u00c0 reprendre ton pouvoir int\u00e9rieur.<\/p>\n\n\n\n<p>Bienvenue dans ton Espace Phoenix \ud83d\udc9b<\/p>\n\n\n\n<p><\/p>\n","protected":false},"excerpt":{"rendered":"<p>Tu ressens un vide? Une boule au ventre? Une impression d&rsquo;\u00eatre \u00e0 c\u00f4t\u00e9 de ta vie? Tu es \u00e0 la bonne place. J&rsquo;aide les femmes \u00e9puis\u00e9es, sensibles et en perte de sens \u00e0 transformer leur questionnements en r\u00e9ponses claires, en solidit\u00e9 et retour vers soi. Ton corps te fait signe, laisse-le te parler. Je vais [&hellip;]<\/p>\n","protected":false},"author":1,"featured_media":0,"parent":0,"menu_order":0,"comment_status":"closed","ping_status":"closed","template":"","meta":{"footnotes":""},"class_list":["post-7","page","type-page","status-publish","hentry"],"_links":{"self":[{"href":"https:\/\/espacephoenix.com\/index.php\/wp-json\/wp\/v2\/pages\/7","targetHints":{"allow":["GET"]}}],"collection":[{"href":"https:\/\/espacephoenix.com\/index.php\/wp-json\/wp\/v2\/pages"}],"about":[{"href":"https:\/\/espacephoenix.com\/index.php\/wp-json\/wp\/v2\/types\/page"}],"author":[{"embeddable":true,"href":"https:\/\/espacephoenix.com\/index.php\/wp-json\/wp\/v2\/users\/1"}],"replies":[{"embeddable":true,"href":"https:\/\/espacephoenix.com\/index.php\/wp-json\/wp\/v2\/comments?post=7"}],"version-history":[{"count":4,"href":"https:\/\/espacephoenix.com\/index.php\/wp-json\/wp\/v2\/pages\/7\/revisions"}],"predecessor-version":[{"id":28,"href":"https:\/\/espacephoenix.com\/index.php\/wp-json\/wp\/v2\/pages\/7\/revisions\/28"}],"wp:attachment":[{"href":"https:\/\/espacephoenix.com\/index.php\/wp-json\/wp\/v2\/media?parent=7"}],"curies":[{"name":"wp","href":"https:\/\/api.w.org\/{rel}","templated":true}]}}